{"id":977,"date":"2026-03-02T09:43:01","date_gmt":"2026-03-02T08:43:01","guid":{"rendered":"https:\/\/www.dutch-riviera.com\/stoffen-kleuren\/"},"modified":"2026-03-19T13:57:33","modified_gmt":"2026-03-19T12:57:33","slug":"stoffe-farben","status":"publish","type":"page","link":"https:\/\/www.dutch-riviera.com\/de\/stoffe-farben\/","title":{"rendered":"Stoffe &#038; Farben"},"content":{"rendered":"<p>Alle Loungem\u00f6bel von Dutch Rivi\u00e8ra stammen aus unserer eigenen Polsterwerkstatt. Auch im Bereich der Innenausstattung sind wir t\u00e4tig. Um zu sehen, was wir Ihnen hinsichtlich der Neubezug von Designerm\u00f6beln oder der Projektpolsterung bieten k\u00f6nnen, lade ich Sie ein, die Website <a href=\"https:\/\/www.jwstofferingen.nl\/\">jwstofferingen.nl<\/a> zu besuchen. Auf dieser Website finden Sie zahlreiche Fotos bereits realisierter Projekte, \u00fcbersichtlich angeordnet, damit Sie sich ein Bild davon machen k\u00f6nnen, wie wir Ihnen allesamt behilflich sein k\u00f6nnen.<\/p>\n","protected":false},"excerpt":{"rendered":"<p>Alle Loungem\u00f6bel von Dutch Rivi\u00e8ra stammen aus unserer eigenen Polsterwerkstatt. Auch im Bereich der Innenausstattung sind wir t\u00e4tig. Um zu sehen, was wir Ihnen hinsichtlich der Neubezug von Designerm\u00f6beln oder der Projektpolsterung bieten k\u00f6nnen, lade ich Sie ein, die Website jwstofferingen.nl zu besuchen. Auf dieser Website finden Sie zahlreiche Fotos bereits realisierter Projekte, \u00fcbersichtlich angeordnet, [&hellip;]<\/p>\n","protected":false},"author":2,"featured_media":0,"parent":0,"menu_order":0,"comment_status":"closed","ping_status":"closed","template":"","meta":{"_acf_changed":false,"footnotes":""},"class_list":["post-977","page","type-page","status-publish","hentry"],"acf":[],"yoast_head":"<!-- This site is optimized with the Yoast SEO plugin v27.2 - https:\/\/yoast.com\/product\/yoast-seo-wordpress\/ -->\n<title>Stoffe &amp; Farben - Dutch Rivi\u00e8ra<\/title>\n<meta name=\"robots\" content=\"index, follow, max-snippet:-1, max-image-preview:large, max-video-preview:-1\" \/>\n<link rel=\"canonical\" href=\"https:\/\/www.dutch-riviera.com\/de\/stoffe-farben\/\" \/>\n<meta property=\"og:locale\" content=\"de_DE\" \/>\n<meta property=\"og:type\" content=\"article\" \/>\n<meta property=\"og:title\" content=\"Stoffe &amp; Farben - Dutch Rivi\u00e8ra\" \/>\n<meta property=\"og:description\" content=\"Alle Loungem\u00f6bel von Dutch Rivi\u00e8ra stammen aus unserer eigenen Polsterwerkstatt. Auch im Bereich der Innenausstattung sind wir t\u00e4tig. Um zu sehen, was wir Ihnen hinsichtlich der Neubezug von Designerm\u00f6beln oder der Projektpolsterung bieten k\u00f6nnen, lade ich Sie ein, die Website jwstofferingen.nl zu besuchen. Auf dieser Website finden Sie zahlreiche Fotos bereits realisierter Projekte, \u00fcbersichtlich angeordnet, [&hellip;]\" \/>\n<meta property=\"og:url\" content=\"https:\/\/www.dutch-riviera.com\/de\/stoffe-farben\/\" \/>\n<meta property=\"og:site_name\" content=\"Dutch Rivi\u00e8ra\" \/>\n<meta property=\"article:modified_time\" content=\"2026-03-19T12:57:33+00:00\" \/>\n<meta name=\"twitter:card\" content=\"summary_large_image\" \/>\n<meta name=\"twitter:label1\" content=\"Gesch\u00e4tzte Lesezeit\" \/>\n\t<meta name=\"twitter:data1\" content=\"1\u00a0Minute\" \/>\n<!-- \/ Yoast SEO plugin. -->","yoast_head_json":{"title":"Stoffe & Farben - Dutch Rivi\u00e8ra","robots":{"index":"index","follow":"follow","max-snippet":"max-snippet:-1","max-image-preview":"max-image-preview:large","max-video-preview":"max-video-preview:-1"},"canonical":"https:\/\/www.dutch-riviera.com\/de\/stoffe-farben\/","og_locale":"de_DE","og_type":"article","og_title":"Stoffe & Farben - Dutch Rivi\u00e8ra","og_description":"Alle Loungem\u00f6bel von Dutch Rivi\u00e8ra stammen aus unserer eigenen Polsterwerkstatt. Auch im Bereich der Innenausstattung sind wir t\u00e4tig. Um zu sehen, was wir Ihnen hinsichtlich der Neubezug von Designerm\u00f6beln oder der Projektpolsterung bieten k\u00f6nnen, lade ich Sie ein, die Website jwstofferingen.nl zu besuchen. Auf dieser Website finden Sie zahlreiche Fotos bereits realisierter Projekte, \u00fcbersichtlich angeordnet, [&hellip;]","og_url":"https:\/\/www.dutch-riviera.com\/de\/stoffe-farben\/","og_site_name":"Dutch Rivi\u00e8ra","article_modified_time":"2026-03-19T12:57:33+00:00","twitter_card":"summary_large_image","twitter_misc":{"Gesch\u00e4tzte Lesezeit":"1\u00a0Minute"},"schema":{"@context":"https:\/\/schema.org","@graph":[{"@type":"WebPage","@id":"https:\/\/www.dutch-riviera.com\/de\/stoffe-farben\/","url":"https:\/\/www.dutch-riviera.com\/de\/stoffe-farben\/","name":"Stoffe & Farben - Dutch Rivi\u00e8ra","isPartOf":{"@id":"https:\/\/www.dutch-riviera.com\/de\/#website"},"datePublished":"2026-03-02T08:43:01+00:00","dateModified":"2026-03-19T12:57:33+00:00","breadcrumb":{"@id":"https:\/\/www.dutch-riviera.com\/de\/stoffe-farben\/#breadcrumb"},"inLanguage":"de","potentialAction":[{"@type":"ReadAction","target":["https:\/\/www.dutch-riviera.com\/de\/stoffe-farben\/"]}]},{"@type":"BreadcrumbList","@id":"https:\/\/www.dutch-riviera.com\/de\/stoffe-farben\/#breadcrumb","itemListElement":[{"@type":"ListItem","position":1,"name":"Home","item":"https:\/\/www.dutch-riviera.com\/de\/"},{"@type":"ListItem","position":2,"name":"Stoffe &#038; Farben"}]},{"@type":"WebSite","@id":"https:\/\/www.dutch-riviera.com\/de\/#website","url":"https:\/\/www.dutch-riviera.com\/de\/","name":"Dutch Rivi\u00e8ra","description":"Dutch Rivi\u00e8ra","potentialAction":[{"@type":"SearchAction","target":{"@type":"EntryPoint","urlTemplate":"https:\/\/www.dutch-riviera.com\/de\/?s={search_term_string}"},"query-input":{"@type":"PropertyValueSpecification","valueRequired":true,"valueName":"search_term_string"}}],"inLanguage":"de"}]}},"_links":{"self":[{"href":"https:\/\/www.dutch-riviera.com\/de\/wp-json\/wp\/v2\/pages\/977","targetHints":{"allow":["GET"]}}],"collection":[{"href":"https:\/\/www.dutch-riviera.com\/de\/wp-json\/wp\/v2\/pages"}],"about":[{"href":"https:\/\/www.dutch-riviera.com\/de\/wp-json\/wp\/v2\/types\/page"}],"author":[{"embeddable":true,"href":"https:\/\/www.dutch-riviera.com\/de\/wp-json\/wp\/v2\/users\/2"}],"replies":[{"embeddable":true,"href":"https:\/\/www.dutch-riviera.com\/de\/wp-json\/wp\/v2\/comments?post=977"}],"version-history":[{"count":3,"href":"https:\/\/www.dutch-riviera.com\/de\/wp-json\/wp\/v2\/pages\/977\/revisions"}],"predecessor-version":[{"id":2124,"href":"https:\/\/www.dutch-riviera.com\/de\/wp-json\/wp\/v2\/pages\/977\/revisions\/2124"}],"wp:attachment":[{"href":"https:\/\/www.dutch-riviera.com\/de\/wp-json\/wp\/v2\/media?parent=977"}],"curies":[{"name":"wp","href":"https:\/\/api.w.org\/{rel}","templated":true}]}}