{"id":975,"date":"2026-03-02T09:49:57","date_gmt":"2026-03-02T08:49:57","guid":{"rendered":"https:\/\/www.dutch-riviera.com\/showroom\/"},"modified":"2026-03-18T08:29:27","modified_gmt":"2026-03-18T07:29:27","slug":"ausstellungsraum","status":"publish","type":"page","link":"https:\/\/www.dutch-riviera.com\/de\/ausstellungsraum\/","title":{"rendered":"Ausstellungsraum"},"content":{"rendered":"<p>Die Ausstellung in unserem Showroom \u00e4ndert sich von Zeit zu Zeit, weshalb diese Modelle dann zu einem stark reduzierten Preis angeboten werden k\u00f6nnen. Sie befinden sich selbstverst\u00e4ndlich in ausgezeichnetem Zustand. Sie bieten denselben Luxus, Komfort und Stil wie neue Modelle, jedoch mit einem festen Preisnachlass. Neben der Einf\u00fchrung eines neuen Einstiegsmodells wird unser Sortiment dadurch f\u00fcr alle noch zug\u00e4nglicher.<\/p>\n<p>Kontaktieren Sie uns, um mehr \u00fcber die M\u00f6glichkeiten und den aktuellen Lagerbestand zu erfahren!<\/p>\n","protected":false},"excerpt":{"rendered":"<p>Die Ausstellung in unserem Showroom \u00e4ndert sich von Zeit zu Zeit, weshalb diese Modelle dann zu einem stark reduzierten Preis angeboten werden k\u00f6nnen. Sie befinden sich selbstverst\u00e4ndlich in ausgezeichnetem Zustand. Sie bieten denselben Luxus, Komfort und Stil wie neue Modelle, jedoch mit einem festen Preisnachlass. Neben der Einf\u00fchrung eines neuen Einstiegsmodells wird unser Sortiment dadurch [&hellip;]<\/p>\n","protected":false},"author":2,"featured_media":0,"parent":0,"menu_order":0,"comment_status":"closed","ping_status":"closed","template":"","meta":{"_acf_changed":false,"footnotes":""},"class_list":["post-975","page","type-page","status-publish","hentry"],"acf":[],"yoast_head":"<!-- This site is optimized with the Yoast SEO plugin v27.2 - https:\/\/yoast.com\/product\/yoast-seo-wordpress\/ -->\n<title>Ausstellungsraum - Dutch Rivi\u00e8ra<\/title>\n<meta name=\"robots\" content=\"index, follow, max-snippet:-1, max-image-preview:large, max-video-preview:-1\" \/>\n<link rel=\"canonical\" href=\"https:\/\/www.dutch-riviera.com\/de\/ausstellungsraum\/\" \/>\n<meta property=\"og:locale\" content=\"de_DE\" \/>\n<meta property=\"og:type\" content=\"article\" \/>\n<meta property=\"og:title\" content=\"Ausstellungsraum - Dutch Rivi\u00e8ra\" \/>\n<meta property=\"og:description\" content=\"Die Ausstellung in unserem Showroom \u00e4ndert sich von Zeit zu Zeit, weshalb diese Modelle dann zu einem stark reduzierten Preis angeboten werden k\u00f6nnen. Sie befinden sich selbstverst\u00e4ndlich in ausgezeichnetem Zustand. Sie bieten denselben Luxus, Komfort und Stil wie neue Modelle, jedoch mit einem festen Preisnachlass. Neben der Einf\u00fchrung eines neuen Einstiegsmodells wird unser Sortiment dadurch [&hellip;]\" \/>\n<meta property=\"og:url\" content=\"https:\/\/www.dutch-riviera.com\/de\/ausstellungsraum\/\" \/>\n<meta property=\"og:site_name\" content=\"Dutch Rivi\u00e8ra\" \/>\n<meta property=\"article:modified_time\" content=\"2026-03-18T07:29:27+00:00\" \/>\n<meta name=\"twitter:card\" content=\"summary_large_image\" \/>\n<meta name=\"twitter:label1\" content=\"Gesch\u00e4tzte Lesezeit\" \/>\n\t<meta name=\"twitter:data1\" content=\"1\u00a0Minute\" \/>\n<!-- \/ Yoast SEO plugin. -->","yoast_head_json":{"title":"Ausstellungsraum - Dutch Rivi\u00e8ra","robots":{"index":"index","follow":"follow","max-snippet":"max-snippet:-1","max-image-preview":"max-image-preview:large","max-video-preview":"max-video-preview:-1"},"canonical":"https:\/\/www.dutch-riviera.com\/de\/ausstellungsraum\/","og_locale":"de_DE","og_type":"article","og_title":"Ausstellungsraum - Dutch Rivi\u00e8ra","og_description":"Die Ausstellung in unserem Showroom \u00e4ndert sich von Zeit zu Zeit, weshalb diese Modelle dann zu einem stark reduzierten Preis angeboten werden k\u00f6nnen. Sie befinden sich selbstverst\u00e4ndlich in ausgezeichnetem Zustand. Sie bieten denselben Luxus, Komfort und Stil wie neue Modelle, jedoch mit einem festen Preisnachlass. Neben der Einf\u00fchrung eines neuen Einstiegsmodells wird unser Sortiment dadurch [&hellip;]","og_url":"https:\/\/www.dutch-riviera.com\/de\/ausstellungsraum\/","og_site_name":"Dutch Rivi\u00e8ra","article_modified_time":"2026-03-18T07:29:27+00:00","twitter_card":"summary_large_image","twitter_misc":{"Gesch\u00e4tzte Lesezeit":"1\u00a0Minute"},"schema":{"@context":"https:\/\/schema.org","@graph":[{"@type":"WebPage","@id":"https:\/\/www.dutch-riviera.com\/de\/ausstellungsraum\/","url":"https:\/\/www.dutch-riviera.com\/de\/ausstellungsraum\/","name":"Ausstellungsraum - Dutch Rivi\u00e8ra","isPartOf":{"@id":"https:\/\/www.dutch-riviera.com\/de\/#website"},"datePublished":"2026-03-02T08:49:57+00:00","dateModified":"2026-03-18T07:29:27+00:00","breadcrumb":{"@id":"https:\/\/www.dutch-riviera.com\/de\/ausstellungsraum\/#breadcrumb"},"inLanguage":"de","potentialAction":[{"@type":"ReadAction","target":["https:\/\/www.dutch-riviera.com\/de\/ausstellungsraum\/"]}]},{"@type":"BreadcrumbList","@id":"https:\/\/www.dutch-riviera.com\/de\/ausstellungsraum\/#breadcrumb","itemListElement":[{"@type":"ListItem","position":1,"name":"Home","item":"https:\/\/www.dutch-riviera.com\/de\/"},{"@type":"ListItem","position":2,"name":"Ausstellungsraum"}]},{"@type":"WebSite","@id":"https:\/\/www.dutch-riviera.com\/de\/#website","url":"https:\/\/www.dutch-riviera.com\/de\/","name":"Dutch Rivi\u00e8ra","description":"Dutch Rivi\u00e8ra","potentialAction":[{"@type":"SearchAction","target":{"@type":"EntryPoint","urlTemplate":"https:\/\/www.dutch-riviera.com\/de\/?s={search_term_string}"},"query-input":{"@type":"PropertyValueSpecification","valueRequired":true,"valueName":"search_term_string"}}],"inLanguage":"de"}]}},"_links":{"self":[{"href":"https:\/\/www.dutch-riviera.com\/de\/wp-json\/wp\/v2\/pages\/975","targetHints":{"allow":["GET"]}}],"collection":[{"href":"https:\/\/www.dutch-riviera.com\/de\/wp-json\/wp\/v2\/pages"}],"about":[{"href":"https:\/\/www.dutch-riviera.com\/de\/wp-json\/wp\/v2\/types\/page"}],"author":[{"embeddable":true,"href":"https:\/\/www.dutch-riviera.com\/de\/wp-json\/wp\/v2\/users\/2"}],"replies":[{"embeddable":true,"href":"https:\/\/www.dutch-riviera.com\/de\/wp-json\/wp\/v2\/comments?post=975"}],"version-history":[{"count":3,"href":"https:\/\/www.dutch-riviera.com\/de\/wp-json\/wp\/v2\/pages\/975\/revisions"}],"predecessor-version":[{"id":1947,"href":"https:\/\/www.dutch-riviera.com\/de\/wp-json\/wp\/v2\/pages\/975\/revisions\/1947"}],"wp:attachment":[{"href":"https:\/\/www.dutch-riviera.com\/de\/wp-json\/wp\/v2\/media?parent=975"}],"curies":[{"name":"wp","href":"https:\/\/api.w.org\/{rel}","templated":true}]}}