{"id":1780,"date":"2026-03-17T11:45:47","date_gmt":"2026-03-17T10:45:47","guid":{"rendered":"https:\/\/www.dutch-riviera.com\/luxe-2-persoons-ligbed\/"},"modified":"2026-03-17T13:57:25","modified_gmt":"2026-03-17T12:57:25","slug":"luxurioese-gartenliege-zwei-personen","status":"publish","type":"page","link":"https:\/\/www.dutch-riviera.com\/de\/luxurioese-gartenliege-zwei-personen\/","title":{"rendered":"Luxuri\u00f6se Gartenliege f\u00fcr zwei Personen"},"content":{"rendered":"","protected":false},"excerpt":{"rendered":"","protected":false},"author":3,"featured_media":0,"parent":0,"menu_order":0,"comment_status":"closed","ping_status":"closed","template":"template-block-editor.php","meta":{"_acf_changed":false,"footnotes":""},"class_list":["post-1780","page","type-page","status-publish","hentry"],"acf":[],"yoast_head":"<!-- This site is optimized with the Yoast SEO plugin v27.2 - https:\/\/yoast.com\/product\/yoast-seo-wordpress\/ -->\n<title>Luxuri\u00f6se Gartenliege f\u00fcr zwei Personen | Dutch Rivi\u00e8ra<\/title>\n<meta name=\"description\" content=\"Entdecken Sie luxuri\u00f6se 2-Personen-Liegen f\u00fcr den Garten. Vollst\u00e4ndig ma\u00dfgefertigt, wetterfest und mit h\u00f6chstem Komfort f\u00fcr gemeinsame Entspannung. Dutch Rivi\u00e8ra.\" \/>\n<meta name=\"robots\" content=\"index, follow, max-snippet:-1, max-image-preview:large, max-video-preview:-1\" \/>\n<link rel=\"canonical\" href=\"https:\/\/www.dutch-riviera.com\/de\/luxurioese-gartenliege-zwei-personen\/\" \/>\n<meta property=\"og:locale\" content=\"de_DE\" \/>\n<meta property=\"og:type\" content=\"article\" \/>\n<meta property=\"og:title\" content=\"Luxuri\u00f6se Gartenliege f\u00fcr zwei Personen | Dutch Rivi\u00e8ra\" \/>\n<meta property=\"og:description\" content=\"Entdecken Sie luxuri\u00f6se 2-Personen-Liegen f\u00fcr den Garten. Vollst\u00e4ndig ma\u00dfgefertigt, wetterfest und mit h\u00f6chstem Komfort f\u00fcr gemeinsame Entspannung. Dutch Rivi\u00e8ra.\" \/>\n<meta property=\"og:url\" content=\"https:\/\/www.dutch-riviera.com\/de\/luxurioese-gartenliege-zwei-personen\/\" \/>\n<meta property=\"og:site_name\" content=\"Dutch Rivi\u00e8ra\" \/>\n<meta property=\"article:modified_time\" content=\"2026-03-17T12:57:25+00:00\" \/>\n<meta name=\"twitter:card\" content=\"summary_large_image\" \/>\n<meta name=\"twitter:label1\" content=\"Gesch\u00e4tzte Lesezeit\" \/>\n\t<meta name=\"twitter:data1\" content=\"5\u00a0Minuten\" \/>\n<!-- \/ Yoast SEO plugin. -->","yoast_head_json":{"title":"Luxuri\u00f6se Gartenliege f\u00fcr zwei Personen | Dutch Rivi\u00e8ra","description":"Entdecken Sie luxuri\u00f6se 2-Personen-Liegen f\u00fcr den Garten. Vollst\u00e4ndig ma\u00dfgefertigt, wetterfest und mit h\u00f6chstem Komfort f\u00fcr gemeinsame Entspannung. Dutch Rivi\u00e8ra.","robots":{"index":"index","follow":"follow","max-snippet":"max-snippet:-1","max-image-preview":"max-image-preview:large","max-video-preview":"max-video-preview:-1"},"canonical":"https:\/\/www.dutch-riviera.com\/de\/luxurioese-gartenliege-zwei-personen\/","og_locale":"de_DE","og_type":"article","og_title":"Luxuri\u00f6se Gartenliege f\u00fcr zwei Personen | Dutch Rivi\u00e8ra","og_description":"Entdecken Sie luxuri\u00f6se 2-Personen-Liegen f\u00fcr den Garten. Vollst\u00e4ndig ma\u00dfgefertigt, wetterfest und mit h\u00f6chstem Komfort f\u00fcr gemeinsame Entspannung. Dutch Rivi\u00e8ra.","og_url":"https:\/\/www.dutch-riviera.com\/de\/luxurioese-gartenliege-zwei-personen\/","og_site_name":"Dutch Rivi\u00e8ra","article_modified_time":"2026-03-17T12:57:25+00:00","twitter_card":"summary_large_image","twitter_misc":{"Gesch\u00e4tzte Lesezeit":"5\u00a0Minuten"},"schema":{"@context":"https:\/\/schema.org","@graph":[{"@type":"WebPage","@id":"https:\/\/www.dutch-riviera.com\/de\/luxurioese-gartenliege-zwei-personen\/","url":"https:\/\/www.dutch-riviera.com\/de\/luxurioese-gartenliege-zwei-personen\/","name":"Luxuri\u00f6se Gartenliege f\u00fcr zwei Personen | Dutch Rivi\u00e8ra","isPartOf":{"@id":"https:\/\/www.dutch-riviera.com\/de\/#website"},"datePublished":"2026-03-17T10:45:47+00:00","dateModified":"2026-03-17T12:57:25+00:00","description":"Entdecken Sie luxuri\u00f6se 2-Personen-Liegen f\u00fcr den Garten. Vollst\u00e4ndig ma\u00dfgefertigt, wetterfest und mit h\u00f6chstem Komfort f\u00fcr gemeinsame Entspannung. Dutch Rivi\u00e8ra.","breadcrumb":{"@id":"https:\/\/www.dutch-riviera.com\/de\/luxurioese-gartenliege-zwei-personen\/#breadcrumb"},"inLanguage":"de","potentialAction":[{"@type":"ReadAction","target":["https:\/\/www.dutch-riviera.com\/de\/luxurioese-gartenliege-zwei-personen\/"]}]},{"@type":"BreadcrumbList","@id":"https:\/\/www.dutch-riviera.com\/de\/luxurioese-gartenliege-zwei-personen\/#breadcrumb","itemListElement":[{"@type":"ListItem","position":1,"name":"Home","item":"https:\/\/www.dutch-riviera.com\/de\/"},{"@type":"ListItem","position":2,"name":"Luxuri\u00f6se Gartenliege f\u00fcr zwei Personen"}]},{"@type":"WebSite","@id":"https:\/\/www.dutch-riviera.com\/de\/#website","url":"https:\/\/www.dutch-riviera.com\/de\/","name":"Dutch Rivi\u00e8ra","description":"Dutch Rivi\u00e8ra","potentialAction":[{"@type":"SearchAction","target":{"@type":"EntryPoint","urlTemplate":"https:\/\/www.dutch-riviera.com\/de\/?s={search_term_string}"},"query-input":{"@type":"PropertyValueSpecification","valueRequired":true,"valueName":"search_term_string"}}],"inLanguage":"de"}]}},"_links":{"self":[{"href":"https:\/\/www.dutch-riviera.com\/de\/wp-json\/wp\/v2\/pages\/1780","targetHints":{"allow":["GET"]}}],"collection":[{"href":"https:\/\/www.dutch-riviera.com\/de\/wp-json\/wp\/v2\/pages"}],"about":[{"href":"https:\/\/www.dutch-riviera.com\/de\/wp-json\/wp\/v2\/types\/page"}],"author":[{"embeddable":true,"href":"https:\/\/www.dutch-riviera.com\/de\/wp-json\/wp\/v2\/users\/3"}],"replies":[{"embeddable":true,"href":"https:\/\/www.dutch-riviera.com\/de\/wp-json\/wp\/v2\/comments?post=1780"}],"version-history":[{"count":3,"href":"https:\/\/www.dutch-riviera.com\/de\/wp-json\/wp\/v2\/pages\/1780\/revisions"}],"predecessor-version":[{"id":1788,"href":"https:\/\/www.dutch-riviera.com\/de\/wp-json\/wp\/v2\/pages\/1780\/revisions\/1788"}],"wp:attachment":[{"href":"https:\/\/www.dutch-riviera.com\/de\/wp-json\/wp\/v2\/media?parent=1780"}],"curies":[{"name":"wp","href":"https:\/\/api.w.org\/{rel}","templated":true}]}}