{"id":1758,"date":"2026-03-16T16:02:54","date_gmt":"2026-03-16T15:02:54","guid":{"rendered":"https:\/\/www.dutch-riviera.com\/hotels\/"},"modified":"2026-03-19T09:38:55","modified_gmt":"2026-03-19T08:38:55","slug":"hotels","status":"publish","type":"page","link":"https:\/\/www.dutch-riviera.com\/de\/hotels\/","title":{"rendered":"Hotels"},"content":{"rendered":"","protected":false},"excerpt":{"rendered":"","protected":false},"author":3,"featured_media":0,"parent":0,"menu_order":0,"comment_status":"closed","ping_status":"closed","template":"template-block-editor.php","meta":{"_acf_changed":false,"footnotes":""},"class_list":["post-1758","page","type-page","status-publish","hentry"],"acf":[],"yoast_head":"<!-- This site is optimized with the Yoast SEO plugin v27.2 - https:\/\/yoast.com\/product\/yoast-seo-wordpress\/ -->\n<title>Luxuri\u00f6se, ma\u00dfgefertigte Hotel-Loungesofas | Dutch Rivi\u00e8ra<\/title>\n<meta name=\"description\" content=\"Steigern Sie das G\u00e4steerlebnis mit den luxuri\u00f6sen Hotel-Loungesofas von Dutch Rivi\u00e8ra. Vollst\u00e4ndig ma\u00dfgefertigt, langlebig und pflegeleicht.\" \/>\n<meta name=\"robots\" content=\"index, follow, max-snippet:-1, max-image-preview:large, max-video-preview:-1\" \/>\n<link rel=\"canonical\" href=\"https:\/\/www.dutch-riviera.com\/de\/hotels\/\" \/>\n<meta property=\"og:locale\" content=\"de_DE\" \/>\n<meta property=\"og:type\" content=\"article\" \/>\n<meta property=\"og:title\" content=\"Luxuri\u00f6se, ma\u00dfgefertigte Hotel-Loungesofas | Dutch Rivi\u00e8ra\" \/>\n<meta property=\"og:description\" content=\"Steigern Sie das G\u00e4steerlebnis mit den luxuri\u00f6sen Hotel-Loungesofas von Dutch Rivi\u00e8ra. Vollst\u00e4ndig ma\u00dfgefertigt, langlebig und pflegeleicht.\" \/>\n<meta property=\"og:url\" content=\"https:\/\/www.dutch-riviera.com\/de\/hotels\/\" \/>\n<meta property=\"og:site_name\" content=\"Dutch Rivi\u00e8ra\" \/>\n<meta property=\"article:modified_time\" content=\"2026-03-19T08:38:55+00:00\" \/>\n<meta name=\"twitter:card\" content=\"summary_large_image\" \/>\n<meta name=\"twitter:label1\" content=\"Gesch\u00e4tzte Lesezeit\" \/>\n\t<meta name=\"twitter:data1\" content=\"5\u00a0Minuten\" \/>\n<!-- \/ Yoast SEO plugin. -->","yoast_head_json":{"title":"Luxuri\u00f6se, ma\u00dfgefertigte Hotel-Loungesofas | Dutch Rivi\u00e8ra","description":"Steigern Sie das G\u00e4steerlebnis mit den luxuri\u00f6sen Hotel-Loungesofas von Dutch Rivi\u00e8ra. Vollst\u00e4ndig ma\u00dfgefertigt, langlebig und pflegeleicht.","robots":{"index":"index","follow":"follow","max-snippet":"max-snippet:-1","max-image-preview":"max-image-preview:large","max-video-preview":"max-video-preview:-1"},"canonical":"https:\/\/www.dutch-riviera.com\/de\/hotels\/","og_locale":"de_DE","og_type":"article","og_title":"Luxuri\u00f6se, ma\u00dfgefertigte Hotel-Loungesofas | Dutch Rivi\u00e8ra","og_description":"Steigern Sie das G\u00e4steerlebnis mit den luxuri\u00f6sen Hotel-Loungesofas von Dutch Rivi\u00e8ra. Vollst\u00e4ndig ma\u00dfgefertigt, langlebig und pflegeleicht.","og_url":"https:\/\/www.dutch-riviera.com\/de\/hotels\/","og_site_name":"Dutch Rivi\u00e8ra","article_modified_time":"2026-03-19T08:38:55+00:00","twitter_card":"summary_large_image","twitter_misc":{"Gesch\u00e4tzte Lesezeit":"5\u00a0Minuten"},"schema":{"@context":"https:\/\/schema.org","@graph":[{"@type":"WebPage","@id":"https:\/\/www.dutch-riviera.com\/de\/hotels\/","url":"https:\/\/www.dutch-riviera.com\/de\/hotels\/","name":"Luxuri\u00f6se, ma\u00dfgefertigte Hotel-Loungesofas | Dutch Rivi\u00e8ra","isPartOf":{"@id":"https:\/\/www.dutch-riviera.com\/de\/#website"},"datePublished":"2026-03-16T15:02:54+00:00","dateModified":"2026-03-19T08:38:55+00:00","description":"Steigern Sie das G\u00e4steerlebnis mit den luxuri\u00f6sen Hotel-Loungesofas von Dutch Rivi\u00e8ra. Vollst\u00e4ndig ma\u00dfgefertigt, langlebig und pflegeleicht.","breadcrumb":{"@id":"https:\/\/www.dutch-riviera.com\/de\/hotels\/#breadcrumb"},"inLanguage":"de","potentialAction":[{"@type":"ReadAction","target":["https:\/\/www.dutch-riviera.com\/de\/hotels\/"]}]},{"@type":"BreadcrumbList","@id":"https:\/\/www.dutch-riviera.com\/de\/hotels\/#breadcrumb","itemListElement":[{"@type":"ListItem","position":1,"name":"Home","item":"https:\/\/www.dutch-riviera.com\/de\/"},{"@type":"ListItem","position":2,"name":"Hotels"}]},{"@type":"WebSite","@id":"https:\/\/www.dutch-riviera.com\/de\/#website","url":"https:\/\/www.dutch-riviera.com\/de\/","name":"Dutch Rivi\u00e8ra","description":"Dutch Rivi\u00e8ra","potentialAction":[{"@type":"SearchAction","target":{"@type":"EntryPoint","urlTemplate":"https:\/\/www.dutch-riviera.com\/de\/?s={search_term_string}"},"query-input":{"@type":"PropertyValueSpecification","valueRequired":true,"valueName":"search_term_string"}}],"inLanguage":"de"}]}},"_links":{"self":[{"href":"https:\/\/www.dutch-riviera.com\/de\/wp-json\/wp\/v2\/pages\/1758","targetHints":{"allow":["GET"]}}],"collection":[{"href":"https:\/\/www.dutch-riviera.com\/de\/wp-json\/wp\/v2\/pages"}],"about":[{"href":"https:\/\/www.dutch-riviera.com\/de\/wp-json\/wp\/v2\/types\/page"}],"author":[{"embeddable":true,"href":"https:\/\/www.dutch-riviera.com\/de\/wp-json\/wp\/v2\/users\/3"}],"replies":[{"embeddable":true,"href":"https:\/\/www.dutch-riviera.com\/de\/wp-json\/wp\/v2\/comments?post=1758"}],"version-history":[{"count":2,"href":"https:\/\/www.dutch-riviera.com\/de\/wp-json\/wp\/v2\/pages\/1758\/revisions"}],"predecessor-version":[{"id":2048,"href":"https:\/\/www.dutch-riviera.com\/de\/wp-json\/wp\/v2\/pages\/1758\/revisions\/2048"}],"wp:attachment":[{"href":"https:\/\/www.dutch-riviera.com\/de\/wp-json\/wp\/v2\/media?parent=1758"}],"curies":[{"name":"wp","href":"https:\/\/api.w.org\/{rel}","templated":true}]}}